{"id":95,"date":"2020-10-02T19:34:28","date_gmt":"2020-10-02T17:34:28","guid":{"rendered":"https:\/\/beata-rebmann.de\/?page_id=95"},"modified":"2020-10-17T15:34:31","modified_gmt":"2020-10-17T13:34:31","slug":"honorar","status":"publish","type":"page","link":"https:\/\/beata-rebmann.de\/index.php\/startseite\/honorar\/","title":{"rendered":"Honorar"},"content":{"rendered":"\n<h2 class=\"wp-block-heading\">Coaching \/ Supervision \/ Interkulturelles Training<\/h2>\n\n\n\n<p>Die Honorargestaltung orientiert sich an den Empfehlungen der Deutschen Gesellschaft f\u00fcr Supervision und Coaching e.V.\u00a0<\/p>\n\n\n\n<p>Gerne erstelle ich ein individuelles Angebot f\u00fcr Sie!\u00a0<\/p>\n\n\n\n<h2 class=\"wp-block-heading\">\u00dcbersetzungen \/ Dolmetschen<\/h2>\n\n\n\n<p>Meine Honorare f\u00fcr beeidigte Leistungen richten sich nach dem Justizverg\u00fctungs- und -entsch\u00e4digungsgesetz (JVEG) f\u00fcr Honorare von Sachverst\u00e4ndigen, Dolmetscherinnen und Dolmetschern sowie von \u00dcbersetzerinnen und \u00dcbersetzern<\/p>\n","protected":false},"excerpt":{"rendered":"<p>Coaching \/ Supervision \/ Interkulturelles Training Die Honorargestaltung orientiert sich an den Empfehlungen der Deutschen Gesellschaft f\u00fcr Supervision und Coaching e.V.\u00a0 Gerne erstelle ich ein &hellip; <\/p>\n","protected":false},"author":1,"featured_media":122,"parent":9,"menu_order":0,"comment_status":"closed","ping_status":"closed","template":"","meta":{"footnotes":""},"class_list":["post-95","page","type-page","status-publish","has-post-thumbnail","hentry"],"yoast_head":"<!-- This site is optimized with the Yoast SEO plugin v27.3 - https:\/\/yoast.com\/product\/yoast-seo-wordpress\/ -->\n<title>Honorar - Beata Zelezik-Rebmann<\/title>\n<meta name=\"robots\" content=\"index, follow, max-snippet:-1, max-image-preview:large, max-video-preview:-1\" \/>\n<link rel=\"canonical\" href=\"https:\/\/beata-rebmann.de\/index.php\/startseite\/honorar\/\" \/>\n<meta property=\"og:locale\" content=\"de_DE\" \/>\n<meta property=\"og:type\" content=\"article\" \/>\n<meta property=\"og:title\" content=\"Honorar - Beata Zelezik-Rebmann\" \/>\n<meta property=\"og:description\" content=\"Coaching \/ Supervision \/ Interkulturelles Training Die Honorargestaltung orientiert sich an den Empfehlungen der Deutschen Gesellschaft f\u00fcr Supervision und Coaching e.V.\u00a0 Gerne erstelle ich ein &hellip;\" \/>\n<meta property=\"og:url\" content=\"https:\/\/beata-rebmann.de\/index.php\/startseite\/honorar\/\" \/>\n<meta property=\"og:site_name\" content=\"Beata Zelezik-Rebmann\" \/>\n<meta property=\"article:modified_time\" content=\"2020-10-17T13:34:31+00:00\" \/>\n<meta property=\"og:image\" content=\"https:\/\/beata-rebmann.de\/wp-content\/uploads\/2020\/10\/hands-3331216_1920.jpg\" \/>\n\t<meta property=\"og:image:width\" content=\"1920\" \/>\n\t<meta property=\"og:image:height\" content=\"1281\" \/>\n\t<meta property=\"og:image:type\" content=\"image\/jpeg\" \/>\n<meta name=\"twitter:card\" content=\"summary_large_image\" \/>\n<script type=\"application\/ld+json\" class=\"yoast-schema-graph\">{\"@context\":\"https:\\\/\\\/schema.org\",\"@graph\":[{\"@type\":\"WebPage\",\"@id\":\"https:\\\/\\\/beata-rebmann.de\\\/index.php\\\/startseite\\\/honorar\\\/\",\"url\":\"https:\\\/\\\/beata-rebmann.de\\\/index.php\\\/startseite\\\/honorar\\\/\",\"name\":\"Honorar - Beata Zelezik-Rebmann\",\"isPartOf\":{\"@id\":\"https:\\\/\\\/beata-rebmann.de\\\/#website\"},\"primaryImageOfPage\":{\"@id\":\"https:\\\/\\\/beata-rebmann.de\\\/index.php\\\/startseite\\\/honorar\\\/#primaryimage\"},\"image\":{\"@id\":\"https:\\\/\\\/beata-rebmann.de\\\/index.php\\\/startseite\\\/honorar\\\/#primaryimage\"},\"thumbnailUrl\":\"https:\\\/\\\/beata-rebmann.de\\\/wp-content\\\/uploads\\\/2020\\\/10\\\/hands-3331216_1920.jpg\",\"datePublished\":\"2020-10-02T17:34:28+00:00\",\"dateModified\":\"2020-10-17T13:34:31+00:00\",\"breadcrumb\":{\"@id\":\"https:\\\/\\\/beata-rebmann.de\\\/index.php\\\/startseite\\\/honorar\\\/#breadcrumb\"},\"inLanguage\":\"de\",\"potentialAction\":[{\"@type\":\"ReadAction\",\"target\":[\"https:\\\/\\\/beata-rebmann.de\\\/index.php\\\/startseite\\\/honorar\\\/\"]}]},{\"@type\":\"ImageObject\",\"inLanguage\":\"de\",\"@id\":\"https:\\\/\\\/beata-rebmann.de\\\/index.php\\\/startseite\\\/honorar\\\/#primaryimage\",\"url\":\"https:\\\/\\\/beata-rebmann.de\\\/wp-content\\\/uploads\\\/2020\\\/10\\\/hands-3331216_1920.jpg\",\"contentUrl\":\"https:\\\/\\\/beata-rebmann.de\\\/wp-content\\\/uploads\\\/2020\\\/10\\\/hands-3331216_1920.jpg\",\"width\":1920,\"height\":1281},{\"@type\":\"BreadcrumbList\",\"@id\":\"https:\\\/\\\/beata-rebmann.de\\\/index.php\\\/startseite\\\/honorar\\\/#breadcrumb\",\"itemListElement\":[{\"@type\":\"ListItem\",\"position\":1,\"name\":\"Home\",\"item\":\"https:\\\/\\\/beata-rebmann.de\\\/\"},{\"@type\":\"ListItem\",\"position\":2,\"name\":\"Startseite\",\"item\":\"https:\\\/\\\/beata-rebmann.de\\\/\"},{\"@type\":\"ListItem\",\"position\":3,\"name\":\"Honorar\"}]},{\"@type\":\"WebSite\",\"@id\":\"https:\\\/\\\/beata-rebmann.de\\\/#website\",\"url\":\"https:\\\/\\\/beata-rebmann.de\\\/\",\"name\":\"Beata Zelezik-Rebmann\",\"description\":\"\",\"potentialAction\":[{\"@type\":\"SearchAction\",\"target\":{\"@type\":\"EntryPoint\",\"urlTemplate\":\"https:\\\/\\\/beata-rebmann.de\\\/?s={search_term_string}\"},\"query-input\":{\"@type\":\"PropertyValueSpecification\",\"valueRequired\":true,\"valueName\":\"search_term_string\"}}],\"inLanguage\":\"de\"}]}<\/script>\n<!-- \/ Yoast SEO plugin. -->","yoast_head_json":{"title":"Honorar - Beata Zelezik-Rebmann","robots":{"index":"index","follow":"follow","max-snippet":"max-snippet:-1","max-image-preview":"max-image-preview:large","max-video-preview":"max-video-preview:-1"},"canonical":"https:\/\/beata-rebmann.de\/index.php\/startseite\/honorar\/","og_locale":"de_DE","og_type":"article","og_title":"Honorar - Beata Zelezik-Rebmann","og_description":"Coaching \/ Supervision \/ Interkulturelles Training Die Honorargestaltung orientiert sich an den Empfehlungen der Deutschen Gesellschaft f\u00fcr Supervision und Coaching e.V.\u00a0 Gerne erstelle ich ein &hellip;","og_url":"https:\/\/beata-rebmann.de\/index.php\/startseite\/honorar\/","og_site_name":"Beata Zelezik-Rebmann","article_modified_time":"2020-10-17T13:34:31+00:00","og_image":[{"width":1920,"height":1281,"url":"https:\/\/beata-rebmann.de\/wp-content\/uploads\/2020\/10\/hands-3331216_1920.jpg","type":"image\/jpeg"}],"twitter_card":"summary_large_image","schema":{"@context":"https:\/\/schema.org","@graph":[{"@type":"WebPage","@id":"https:\/\/beata-rebmann.de\/index.php\/startseite\/honorar\/","url":"https:\/\/beata-rebmann.de\/index.php\/startseite\/honorar\/","name":"Honorar - Beata Zelezik-Rebmann","isPartOf":{"@id":"https:\/\/beata-rebmann.de\/#website"},"primaryImageOfPage":{"@id":"https:\/\/beata-rebmann.de\/index.php\/startseite\/honorar\/#primaryimage"},"image":{"@id":"https:\/\/beata-rebmann.de\/index.php\/startseite\/honorar\/#primaryimage"},"thumbnailUrl":"https:\/\/beata-rebmann.de\/wp-content\/uploads\/2020\/10\/hands-3331216_1920.jpg","datePublished":"2020-10-02T17:34:28+00:00","dateModified":"2020-10-17T13:34:31+00:00","breadcrumb":{"@id":"https:\/\/beata-rebmann.de\/index.php\/startseite\/honorar\/#breadcrumb"},"inLanguage":"de","potentialAction":[{"@type":"ReadAction","target":["https:\/\/beata-rebmann.de\/index.php\/startseite\/honorar\/"]}]},{"@type":"ImageObject","inLanguage":"de","@id":"https:\/\/beata-rebmann.de\/index.php\/startseite\/honorar\/#primaryimage","url":"https:\/\/beata-rebmann.de\/wp-content\/uploads\/2020\/10\/hands-3331216_1920.jpg","contentUrl":"https:\/\/beata-rebmann.de\/wp-content\/uploads\/2020\/10\/hands-3331216_1920.jpg","width":1920,"height":1281},{"@type":"BreadcrumbList","@id":"https:\/\/beata-rebmann.de\/index.php\/startseite\/honorar\/#breadcrumb","itemListElement":[{"@type":"ListItem","position":1,"name":"Home","item":"https:\/\/beata-rebmann.de\/"},{"@type":"ListItem","position":2,"name":"Startseite","item":"https:\/\/beata-rebmann.de\/"},{"@type":"ListItem","position":3,"name":"Honorar"}]},{"@type":"WebSite","@id":"https:\/\/beata-rebmann.de\/#website","url":"https:\/\/beata-rebmann.de\/","name":"Beata Zelezik-Rebmann","description":"","potentialAction":[{"@type":"SearchAction","target":{"@type":"EntryPoint","urlTemplate":"https:\/\/beata-rebmann.de\/?s={search_term_string}"},"query-input":{"@type":"PropertyValueSpecification","valueRequired":true,"valueName":"search_term_string"}}],"inLanguage":"de"}]}},"_links":{"self":[{"href":"https:\/\/beata-rebmann.de\/index.php\/wp-json\/wp\/v2\/pages\/95","targetHints":{"allow":["GET"]}}],"collection":[{"href":"https:\/\/beata-rebmann.de\/index.php\/wp-json\/wp\/v2\/pages"}],"about":[{"href":"https:\/\/beata-rebmann.de\/index.php\/wp-json\/wp\/v2\/types\/page"}],"author":[{"embeddable":true,"href":"https:\/\/beata-rebmann.de\/index.php\/wp-json\/wp\/v2\/users\/1"}],"replies":[{"embeddable":true,"href":"https:\/\/beata-rebmann.de\/index.php\/wp-json\/wp\/v2\/comments?post=95"}],"version-history":[{"count":3,"href":"https:\/\/beata-rebmann.de\/index.php\/wp-json\/wp\/v2\/pages\/95\/revisions"}],"predecessor-version":[{"id":160,"href":"https:\/\/beata-rebmann.de\/index.php\/wp-json\/wp\/v2\/pages\/95\/revisions\/160"}],"up":[{"embeddable":true,"href":"https:\/\/beata-rebmann.de\/index.php\/wp-json\/wp\/v2\/pages\/9"}],"wp:featuredmedia":[{"embeddable":true,"href":"https:\/\/beata-rebmann.de\/index.php\/wp-json\/wp\/v2\/media\/122"}],"wp:attachment":[{"href":"https:\/\/beata-rebmann.de\/index.php\/wp-json\/wp\/v2\/media?parent=95"}],"curies":[{"name":"wp","href":"https:\/\/api.w.org\/{rel}","templated":true}]}}