{"id":91,"date":"2020-10-02T19:27:34","date_gmt":"2020-10-02T17:27:34","guid":{"rendered":"https:\/\/beata-rebmann.de\/?page_id=91"},"modified":"2021-05-31T12:55:20","modified_gmt":"2021-05-31T10:55:20","slug":"fuehrungskompetenz-staerken","status":"publish","type":"page","link":"https:\/\/beata-rebmann.de\/index.php\/startseite\/fuehrungskompetenz-staerken\/","title":{"rendered":"Coaching"},"content":{"rendered":"\n<h2 class=\"has-text-align-center has-vivid-red-color has-text-color wp-block-heading\">Coaching st\u00e4rkt die F\u00fchrungskompetenz als F\u00fchrungskraft<\/h2>\n\n\n\n<p>Im pers\u00f6nlichen Coaching unterst\u00fctze ich Sie dabei, Ihre Rolle zu kl\u00e4ren und Ihren F\u00fchrungsstil zu reflektieren und dementsprechend die Aufgaben zu gestalten.<br \/><br \/><span style=\"color: #993300;\"><span style=\"text-decoration: underline;\"><strong>M\u00f6gliche Themen des Coaching sind<\/strong><\/span>:<\/span><br \/><strong><span style=\"background-color: #ffffff;\">F\u00fchrungsverantwortung wahrnehmen<\/span><\/strong><br \/><strong><span style=\"background-color: #ffffff;\">Entscheidungen treffen und vertreten<\/span><\/strong><br \/><strong><span style=\"background-color: #ffffff;\">Mitarbeiterf\u00fchrung gestalten und Motivation st\u00e4rken<\/span><\/strong><br \/><br \/><span style=\"text-decoration: underline;\"><strong><span style=\"color: #993300; text-decoration: underline;\">Im Coaching k\u00f6nnen Sie:<\/span> <\/strong><\/span><br \/><strong>die Entwicklungsprozesse von Mitarbeiter\/innen erkennen und sie begleiten <\/strong><br \/><strong>die Motivation und die Zufriedenheit st\u00e4rken<\/strong><br \/><strong>schwierige Mitarbeitergespr\u00e4che f\u00fchren und Work-Life-Balance finden und behalten<\/strong><\/p>\n\n\n\n<h3 class=\"wp-block-heading\">Mein Angebot <\/h3>\n\n\n\n<p>Mein Angebot f\u00fcr Sie beinhaltet:<\/p>\n\n\n\n<p>Am Anfang des Coachings steht ein kostenloses Vorgespr\u00e4ch. Dabei wird die IST-Situation besprochen und die Ziele des Prozesses formuliert. Sie und ich entscheiden, ob eine Zusammenarbeit gew\u00fcnscht und sinnvoll ist. Es werden Rahmenbedingungen und Kosten vereinbart und in einem Beratungsvertrag festgehalten.<br>Am Ende des Prozesses vergleichen wir den IST Zustand und werten das Coaching aus.<\/p>\n\n\n\n<div class=\"wp-block-buttons is-layout-flex wp-block-buttons-is-layout-flex\">\n<div class=\"wp-block-button has-custom-width wp-block-button__width-25\"><a class=\"wp-block-button__link has-black-color has-light-green-cyan-background-color has-text-color has-background\">Kontaktformular<\/a><\/div>\n<\/div>\n","protected":false},"excerpt":{"rendered":"<p>Coaching st\u00e4rkt die F\u00fchrungskompetenz als F\u00fchrungskraft Im pers\u00f6nlichen Coaching unterst\u00fctze ich Sie dabei, Ihre Rolle zu kl\u00e4ren und Ihren F\u00fchrungsstil zu reflektieren und dementsprechend die &hellip; <\/p>\n","protected":false},"author":1,"featured_media":62,"parent":9,"menu_order":0,"comment_status":"closed","ping_status":"closed","template":"","meta":{"footnotes":""},"class_list":["post-91","page","type-page","status-publish","has-post-thumbnail","hentry"],"yoast_head":"<!-- This site is optimized with the Yoast SEO plugin v27.3 - https:\/\/yoast.com\/product\/yoast-seo-wordpress\/ -->\n<title>Coaching - Beata Zelezik-Rebmann<\/title>\n<meta name=\"robots\" content=\"index, follow, max-snippet:-1, max-image-preview:large, max-video-preview:-1\" \/>\n<link rel=\"canonical\" href=\"https:\/\/beata-rebmann.de\/index.php\/startseite\/fuehrungskompetenz-staerken\/\" \/>\n<meta property=\"og:locale\" content=\"de_DE\" \/>\n<meta property=\"og:type\" content=\"article\" \/>\n<meta property=\"og:title\" content=\"Coaching - Beata Zelezik-Rebmann\" \/>\n<meta property=\"og:description\" content=\"Coaching st\u00e4rkt die F\u00fchrungskompetenz als F\u00fchrungskraft Im pers\u00f6nlichen Coaching unterst\u00fctze ich Sie dabei, Ihre Rolle zu kl\u00e4ren und Ihren F\u00fchrungsstil zu reflektieren und dementsprechend die &hellip;\" \/>\n<meta property=\"og:url\" content=\"https:\/\/beata-rebmann.de\/index.php\/startseite\/fuehrungskompetenz-staerken\/\" \/>\n<meta property=\"og:site_name\" content=\"Beata Zelezik-Rebmann\" \/>\n<meta property=\"article:modified_time\" content=\"2021-05-31T10:55:20+00:00\" \/>\n<meta property=\"og:image\" content=\"https:\/\/beata-rebmann.de\/wp-content\/uploads\/2020\/10\/coaching-2738522_1920.jpg\" \/>\n\t<meta property=\"og:image:width\" content=\"1920\" \/>\n\t<meta property=\"og:image:height\" content=\"1276\" \/>\n\t<meta property=\"og:image:type\" content=\"image\/jpeg\" \/>\n<meta name=\"twitter:card\" content=\"summary_large_image\" \/>\n<meta name=\"twitter:label1\" content=\"Gesch\u00e4tzte Lesezeit\" \/>\n\t<meta name=\"twitter:data1\" content=\"1\u00a0Minute\" \/>\n<script type=\"application\/ld+json\" class=\"yoast-schema-graph\">{\"@context\":\"https:\\\/\\\/schema.org\",\"@graph\":[{\"@type\":\"WebPage\",\"@id\":\"https:\\\/\\\/beata-rebmann.de\\\/index.php\\\/startseite\\\/fuehrungskompetenz-staerken\\\/\",\"url\":\"https:\\\/\\\/beata-rebmann.de\\\/index.php\\\/startseite\\\/fuehrungskompetenz-staerken\\\/\",\"name\":\"Coaching - Beata Zelezik-Rebmann\",\"isPartOf\":{\"@id\":\"https:\\\/\\\/beata-rebmann.de\\\/#website\"},\"primaryImageOfPage\":{\"@id\":\"https:\\\/\\\/beata-rebmann.de\\\/index.php\\\/startseite\\\/fuehrungskompetenz-staerken\\\/#primaryimage\"},\"image\":{\"@id\":\"https:\\\/\\\/beata-rebmann.de\\\/index.php\\\/startseite\\\/fuehrungskompetenz-staerken\\\/#primaryimage\"},\"thumbnailUrl\":\"https:\\\/\\\/beata-rebmann.de\\\/wp-content\\\/uploads\\\/2020\\\/10\\\/coaching-2738522_1920.jpg\",\"datePublished\":\"2020-10-02T17:27:34+00:00\",\"dateModified\":\"2021-05-31T10:55:20+00:00\",\"breadcrumb\":{\"@id\":\"https:\\\/\\\/beata-rebmann.de\\\/index.php\\\/startseite\\\/fuehrungskompetenz-staerken\\\/#breadcrumb\"},\"inLanguage\":\"de\",\"potentialAction\":[{\"@type\":\"ReadAction\",\"target\":[\"https:\\\/\\\/beata-rebmann.de\\\/index.php\\\/startseite\\\/fuehrungskompetenz-staerken\\\/\"]}]},{\"@type\":\"ImageObject\",\"inLanguage\":\"de\",\"@id\":\"https:\\\/\\\/beata-rebmann.de\\\/index.php\\\/startseite\\\/fuehrungskompetenz-staerken\\\/#primaryimage\",\"url\":\"https:\\\/\\\/beata-rebmann.de\\\/wp-content\\\/uploads\\\/2020\\\/10\\\/coaching-2738522_1920.jpg\",\"contentUrl\":\"https:\\\/\\\/beata-rebmann.de\\\/wp-content\\\/uploads\\\/2020\\\/10\\\/coaching-2738522_1920.jpg\",\"width\":1920,\"height\":1276,\"caption\":\"Coaching und Supervision als Kernkompetenz\"},{\"@type\":\"BreadcrumbList\",\"@id\":\"https:\\\/\\\/beata-rebmann.de\\\/index.php\\\/startseite\\\/fuehrungskompetenz-staerken\\\/#breadcrumb\",\"itemListElement\":[{\"@type\":\"ListItem\",\"position\":1,\"name\":\"Home\",\"item\":\"https:\\\/\\\/beata-rebmann.de\\\/\"},{\"@type\":\"ListItem\",\"position\":2,\"name\":\"Startseite\",\"item\":\"https:\\\/\\\/beata-rebmann.de\\\/\"},{\"@type\":\"ListItem\",\"position\":3,\"name\":\"Coaching\"}]},{\"@type\":\"WebSite\",\"@id\":\"https:\\\/\\\/beata-rebmann.de\\\/#website\",\"url\":\"https:\\\/\\\/beata-rebmann.de\\\/\",\"name\":\"Beata Zelezik-Rebmann\",\"description\":\"\",\"potentialAction\":[{\"@type\":\"SearchAction\",\"target\":{\"@type\":\"EntryPoint\",\"urlTemplate\":\"https:\\\/\\\/beata-rebmann.de\\\/?s={search_term_string}\"},\"query-input\":{\"@type\":\"PropertyValueSpecification\",\"valueRequired\":true,\"valueName\":\"search_term_string\"}}],\"inLanguage\":\"de\"}]}<\/script>\n<!-- \/ Yoast SEO plugin. -->","yoast_head_json":{"title":"Coaching - Beata Zelezik-Rebmann","robots":{"index":"index","follow":"follow","max-snippet":"max-snippet:-1","max-image-preview":"max-image-preview:large","max-video-preview":"max-video-preview:-1"},"canonical":"https:\/\/beata-rebmann.de\/index.php\/startseite\/fuehrungskompetenz-staerken\/","og_locale":"de_DE","og_type":"article","og_title":"Coaching - Beata Zelezik-Rebmann","og_description":"Coaching st\u00e4rkt die F\u00fchrungskompetenz als F\u00fchrungskraft Im pers\u00f6nlichen Coaching unterst\u00fctze ich Sie dabei, Ihre Rolle zu kl\u00e4ren und Ihren F\u00fchrungsstil zu reflektieren und dementsprechend die &hellip;","og_url":"https:\/\/beata-rebmann.de\/index.php\/startseite\/fuehrungskompetenz-staerken\/","og_site_name":"Beata Zelezik-Rebmann","article_modified_time":"2021-05-31T10:55:20+00:00","og_image":[{"width":1920,"height":1276,"url":"https:\/\/beata-rebmann.de\/wp-content\/uploads\/2020\/10\/coaching-2738522_1920.jpg","type":"image\/jpeg"}],"twitter_card":"summary_large_image","twitter_misc":{"Gesch\u00e4tzte Lesezeit":"1\u00a0Minute"},"schema":{"@context":"https:\/\/schema.org","@graph":[{"@type":"WebPage","@id":"https:\/\/beata-rebmann.de\/index.php\/startseite\/fuehrungskompetenz-staerken\/","url":"https:\/\/beata-rebmann.de\/index.php\/startseite\/fuehrungskompetenz-staerken\/","name":"Coaching - Beata Zelezik-Rebmann","isPartOf":{"@id":"https:\/\/beata-rebmann.de\/#website"},"primaryImageOfPage":{"@id":"https:\/\/beata-rebmann.de\/index.php\/startseite\/fuehrungskompetenz-staerken\/#primaryimage"},"image":{"@id":"https:\/\/beata-rebmann.de\/index.php\/startseite\/fuehrungskompetenz-staerken\/#primaryimage"},"thumbnailUrl":"https:\/\/beata-rebmann.de\/wp-content\/uploads\/2020\/10\/coaching-2738522_1920.jpg","datePublished":"2020-10-02T17:27:34+00:00","dateModified":"2021-05-31T10:55:20+00:00","breadcrumb":{"@id":"https:\/\/beata-rebmann.de\/index.php\/startseite\/fuehrungskompetenz-staerken\/#breadcrumb"},"inLanguage":"de","potentialAction":[{"@type":"ReadAction","target":["https:\/\/beata-rebmann.de\/index.php\/startseite\/fuehrungskompetenz-staerken\/"]}]},{"@type":"ImageObject","inLanguage":"de","@id":"https:\/\/beata-rebmann.de\/index.php\/startseite\/fuehrungskompetenz-staerken\/#primaryimage","url":"https:\/\/beata-rebmann.de\/wp-content\/uploads\/2020\/10\/coaching-2738522_1920.jpg","contentUrl":"https:\/\/beata-rebmann.de\/wp-content\/uploads\/2020\/10\/coaching-2738522_1920.jpg","width":1920,"height":1276,"caption":"Coaching und Supervision als Kernkompetenz"},{"@type":"BreadcrumbList","@id":"https:\/\/beata-rebmann.de\/index.php\/startseite\/fuehrungskompetenz-staerken\/#breadcrumb","itemListElement":[{"@type":"ListItem","position":1,"name":"Home","item":"https:\/\/beata-rebmann.de\/"},{"@type":"ListItem","position":2,"name":"Startseite","item":"https:\/\/beata-rebmann.de\/"},{"@type":"ListItem","position":3,"name":"Coaching"}]},{"@type":"WebSite","@id":"https:\/\/beata-rebmann.de\/#website","url":"https:\/\/beata-rebmann.de\/","name":"Beata Zelezik-Rebmann","description":"","potentialAction":[{"@type":"SearchAction","target":{"@type":"EntryPoint","urlTemplate":"https:\/\/beata-rebmann.de\/?s={search_term_string}"},"query-input":{"@type":"PropertyValueSpecification","valueRequired":true,"valueName":"search_term_string"}}],"inLanguage":"de"}]}},"_links":{"self":[{"href":"https:\/\/beata-rebmann.de\/index.php\/wp-json\/wp\/v2\/pages\/91","targetHints":{"allow":["GET"]}}],"collection":[{"href":"https:\/\/beata-rebmann.de\/index.php\/wp-json\/wp\/v2\/pages"}],"about":[{"href":"https:\/\/beata-rebmann.de\/index.php\/wp-json\/wp\/v2\/types\/page"}],"author":[{"embeddable":true,"href":"https:\/\/beata-rebmann.de\/index.php\/wp-json\/wp\/v2\/users\/1"}],"replies":[{"embeddable":true,"href":"https:\/\/beata-rebmann.de\/index.php\/wp-json\/wp\/v2\/comments?post=91"}],"version-history":[{"count":7,"href":"https:\/\/beata-rebmann.de\/index.php\/wp-json\/wp\/v2\/pages\/91\/revisions"}],"predecessor-version":[{"id":240,"href":"https:\/\/beata-rebmann.de\/index.php\/wp-json\/wp\/v2\/pages\/91\/revisions\/240"}],"up":[{"embeddable":true,"href":"https:\/\/beata-rebmann.de\/index.php\/wp-json\/wp\/v2\/pages\/9"}],"wp:featuredmedia":[{"embeddable":true,"href":"https:\/\/beata-rebmann.de\/index.php\/wp-json\/wp\/v2\/media\/62"}],"wp:attachment":[{"href":"https:\/\/beata-rebmann.de\/index.php\/wp-json\/wp\/v2\/media?parent=91"}],"curies":[{"name":"wp","href":"https:\/\/api.w.org\/{rel}","templated":true}]}}