{"id":9,"date":"2020-09-20T13:49:52","date_gmt":"2020-09-20T13:49:52","guid":{"rendered":"https:\/\/beata-rebmann.de\/?page_id=9"},"modified":"2020-10-17T15:18:25","modified_gmt":"2020-10-17T13:18:25","slug":"startseite","status":"publish","type":"page","link":"https:\/\/beata-rebmann.de\/","title":{"rendered":"Startseite"},"content":{"rendered":"\n<h2 class=\"wp-block-heading\">Leben hei\u00dft Bewegung und Wandel. <\/h2>\n\n\n\n<p>Immer wieder bringt der berufliche Alltag neue Herausforderungen, er\u00f6ffnet internationale Spielfelder und neue Perspektiven. Sie zu ergreifen erfordert Durchblick, Mut und einen Blick von au\u00dfen.<\/p>\n\n\n\n<p>In meiner Rolle als Supervisorin schaue ich mit Ihnen die Situation an. In Coaching reflektieren Sie mit meiner Begleitung Ihre F\u00fchrungsaufgabe. Ich beobachte und h\u00f6re zu, was Sie berichten. Dabei gebe ich Ihnen die R\u00fcckmeldung. Sie k\u00f6nnen so neue Perspektiven gewinnen. Mein Ansatz ist systemisch und Ressourcen orientiert.<\/p>\n\n\n\n<figure class=\"wp-block-image size-large\"><img loading=\"lazy\" decoding=\"async\" width=\"1024\" height=\"731\" src=\"https:\/\/beata-rebmann.de\/wp-content\/uploads\/2020\/10\/Beata-Rebmann-2019-1024x731.jpg\" alt=\"Beata Rebmann\" class=\"wp-image-33\" srcset=\"https:\/\/beata-rebmann.de\/wp-content\/uploads\/2020\/10\/Beata-Rebmann-2019-1024x731.jpg 1024w, https:\/\/beata-rebmann.de\/wp-content\/uploads\/2020\/10\/Beata-Rebmann-2019-300x214.jpg 300w, https:\/\/beata-rebmann.de\/wp-content\/uploads\/2020\/10\/Beata-Rebmann-2019-768x549.jpg 768w, https:\/\/beata-rebmann.de\/wp-content\/uploads\/2020\/10\/Beata-Rebmann-2019-1536x1097.jpg 1536w, https:\/\/beata-rebmann.de\/wp-content\/uploads\/2020\/10\/Beata-Rebmann-2019-2048x1463.jpg 2048w, https:\/\/beata-rebmann.de\/wp-content\/uploads\/2020\/10\/Beata-Rebmann-2019-1200x857.jpg 1200w, https:\/\/beata-rebmann.de\/wp-content\/uploads\/2020\/10\/Beata-Rebmann-2019-1980x1414.jpg 1980w\" sizes=\"auto, (max-width: 1024px) 100vw, 1024px\" \/><\/figure>\n","protected":false},"excerpt":{"rendered":"<p>Leben hei\u00dft Bewegung und Wandel. Immer wieder bringt der berufliche Alltag neue Herausforderungen, er\u00f6ffnet internationale Spielfelder und neue Perspektiven. Sie zu ergreifen erfordert Durchblick, Mut &hellip; <\/p>\n","protected":false},"author":1,"featured_media":0,"parent":0,"menu_order":0,"comment_status":"closed","ping_status":"closed","template":"","meta":{"footnotes":""},"class_list":["post-9","page","type-page","status-publish","hentry"],"yoast_head":"<!-- This site is optimized with the Yoast SEO plugin v27.3 - https:\/\/yoast.com\/product\/yoast-seo-wordpress\/ -->\n<title>Startseite - Beata Zelezik-Rebmann<\/title>\n<meta name=\"robots\" content=\"index, follow, max-snippet:-1, max-image-preview:large, max-video-preview:-1\" \/>\n<link rel=\"canonical\" href=\"https:\/\/beata-rebmann.de\/\" \/>\n<meta property=\"og:locale\" content=\"de_DE\" \/>\n<meta property=\"og:type\" content=\"article\" \/>\n<meta property=\"og:title\" content=\"Startseite - Beata Zelezik-Rebmann\" \/>\n<meta property=\"og:description\" content=\"Leben hei\u00dft Bewegung und Wandel. Immer wieder bringt der berufliche Alltag neue Herausforderungen, er\u00f6ffnet internationale Spielfelder und neue Perspektiven. Sie zu ergreifen erfordert Durchblick, Mut &hellip;\" \/>\n<meta property=\"og:url\" content=\"https:\/\/beata-rebmann.de\/\" \/>\n<meta property=\"og:site_name\" content=\"Beata Zelezik-Rebmann\" \/>\n<meta property=\"article:modified_time\" content=\"2020-10-17T13:18:25+00:00\" \/>\n<meta property=\"og:image\" content=\"https:\/\/beata-rebmann.de\/wp-content\/uploads\/2020\/10\/Beata-Rebmann-2019-1024x731.jpg\" \/>\n<meta name=\"twitter:card\" content=\"summary_large_image\" \/>\n<script type=\"application\/ld+json\" class=\"yoast-schema-graph\">{\"@context\":\"https:\\\/\\\/schema.org\",\"@graph\":[{\"@type\":\"WebPage\",\"@id\":\"https:\\\/\\\/beata-rebmann.de\\\/\",\"url\":\"https:\\\/\\\/beata-rebmann.de\\\/\",\"name\":\"Startseite - Beata Zelezik-Rebmann\",\"isPartOf\":{\"@id\":\"https:\\\/\\\/beata-rebmann.de\\\/#website\"},\"primaryImageOfPage\":{\"@id\":\"https:\\\/\\\/beata-rebmann.de\\\/#primaryimage\"},\"image\":{\"@id\":\"https:\\\/\\\/beata-rebmann.de\\\/#primaryimage\"},\"thumbnailUrl\":\"https:\\\/\\\/beata-rebmann.de\\\/wp-content\\\/uploads\\\/2020\\\/10\\\/Beata-Rebmann-2019-1024x731.jpg\",\"datePublished\":\"2020-09-20T13:49:52+00:00\",\"dateModified\":\"2020-10-17T13:18:25+00:00\",\"breadcrumb\":{\"@id\":\"https:\\\/\\\/beata-rebmann.de\\\/#breadcrumb\"},\"inLanguage\":\"de\",\"potentialAction\":[{\"@type\":\"ReadAction\",\"target\":[\"https:\\\/\\\/beata-rebmann.de\\\/\"]}]},{\"@type\":\"ImageObject\",\"inLanguage\":\"de\",\"@id\":\"https:\\\/\\\/beata-rebmann.de\\\/#primaryimage\",\"url\":\"https:\\\/\\\/beata-rebmann.de\\\/wp-content\\\/uploads\\\/2020\\\/10\\\/Beata-Rebmann-2019-1024x731.jpg\",\"contentUrl\":\"https:\\\/\\\/beata-rebmann.de\\\/wp-content\\\/uploads\\\/2020\\\/10\\\/Beata-Rebmann-2019-1024x731.jpg\"},{\"@type\":\"BreadcrumbList\",\"@id\":\"https:\\\/\\\/beata-rebmann.de\\\/#breadcrumb\",\"itemListElement\":[{\"@type\":\"ListItem\",\"position\":1,\"name\":\"Home\",\"item\":\"https:\\\/\\\/beata-rebmann.de\\\/\"},{\"@type\":\"ListItem\",\"position\":2,\"name\":\"Startseite\"}]},{\"@type\":\"WebSite\",\"@id\":\"https:\\\/\\\/beata-rebmann.de\\\/#website\",\"url\":\"https:\\\/\\\/beata-rebmann.de\\\/\",\"name\":\"Beata Zelezik-Rebmann\",\"description\":\"\",\"potentialAction\":[{\"@type\":\"SearchAction\",\"target\":{\"@type\":\"EntryPoint\",\"urlTemplate\":\"https:\\\/\\\/beata-rebmann.de\\\/?s={search_term_string}\"},\"query-input\":{\"@type\":\"PropertyValueSpecification\",\"valueRequired\":true,\"valueName\":\"search_term_string\"}}],\"inLanguage\":\"de\"}]}<\/script>\n<!-- \/ Yoast SEO plugin. -->","yoast_head_json":{"title":"Startseite - Beata Zelezik-Rebmann","robots":{"index":"index","follow":"follow","max-snippet":"max-snippet:-1","max-image-preview":"max-image-preview:large","max-video-preview":"max-video-preview:-1"},"canonical":"https:\/\/beata-rebmann.de\/","og_locale":"de_DE","og_type":"article","og_title":"Startseite - Beata Zelezik-Rebmann","og_description":"Leben hei\u00dft Bewegung und Wandel. Immer wieder bringt der berufliche Alltag neue Herausforderungen, er\u00f6ffnet internationale Spielfelder und neue Perspektiven. Sie zu ergreifen erfordert Durchblick, Mut &hellip;","og_url":"https:\/\/beata-rebmann.de\/","og_site_name":"Beata Zelezik-Rebmann","article_modified_time":"2020-10-17T13:18:25+00:00","og_image":[{"url":"https:\/\/beata-rebmann.de\/wp-content\/uploads\/2020\/10\/Beata-Rebmann-2019-1024x731.jpg","type":"","width":"","height":""}],"twitter_card":"summary_large_image","schema":{"@context":"https:\/\/schema.org","@graph":[{"@type":"WebPage","@id":"https:\/\/beata-rebmann.de\/","url":"https:\/\/beata-rebmann.de\/","name":"Startseite - Beata Zelezik-Rebmann","isPartOf":{"@id":"https:\/\/beata-rebmann.de\/#website"},"primaryImageOfPage":{"@id":"https:\/\/beata-rebmann.de\/#primaryimage"},"image":{"@id":"https:\/\/beata-rebmann.de\/#primaryimage"},"thumbnailUrl":"https:\/\/beata-rebmann.de\/wp-content\/uploads\/2020\/10\/Beata-Rebmann-2019-1024x731.jpg","datePublished":"2020-09-20T13:49:52+00:00","dateModified":"2020-10-17T13:18:25+00:00","breadcrumb":{"@id":"https:\/\/beata-rebmann.de\/#breadcrumb"},"inLanguage":"de","potentialAction":[{"@type":"ReadAction","target":["https:\/\/beata-rebmann.de\/"]}]},{"@type":"ImageObject","inLanguage":"de","@id":"https:\/\/beata-rebmann.de\/#primaryimage","url":"https:\/\/beata-rebmann.de\/wp-content\/uploads\/2020\/10\/Beata-Rebmann-2019-1024x731.jpg","contentUrl":"https:\/\/beata-rebmann.de\/wp-content\/uploads\/2020\/10\/Beata-Rebmann-2019-1024x731.jpg"},{"@type":"BreadcrumbList","@id":"https:\/\/beata-rebmann.de\/#breadcrumb","itemListElement":[{"@type":"ListItem","position":1,"name":"Home","item":"https:\/\/beata-rebmann.de\/"},{"@type":"ListItem","position":2,"name":"Startseite"}]},{"@type":"WebSite","@id":"https:\/\/beata-rebmann.de\/#website","url":"https:\/\/beata-rebmann.de\/","name":"Beata Zelezik-Rebmann","description":"","potentialAction":[{"@type":"SearchAction","target":{"@type":"EntryPoint","urlTemplate":"https:\/\/beata-rebmann.de\/?s={search_term_string}"},"query-input":{"@type":"PropertyValueSpecification","valueRequired":true,"valueName":"search_term_string"}}],"inLanguage":"de"}]}},"_links":{"self":[{"href":"https:\/\/beata-rebmann.de\/index.php\/wp-json\/wp\/v2\/pages\/9","targetHints":{"allow":["GET"]}}],"collection":[{"href":"https:\/\/beata-rebmann.de\/index.php\/wp-json\/wp\/v2\/pages"}],"about":[{"href":"https:\/\/beata-rebmann.de\/index.php\/wp-json\/wp\/v2\/types\/page"}],"author":[{"embeddable":true,"href":"https:\/\/beata-rebmann.de\/index.php\/wp-json\/wp\/v2\/users\/1"}],"replies":[{"embeddable":true,"href":"https:\/\/beata-rebmann.de\/index.php\/wp-json\/wp\/v2\/comments?post=9"}],"version-history":[{"count":11,"href":"https:\/\/beata-rebmann.de\/index.php\/wp-json\/wp\/v2\/pages\/9\/revisions"}],"predecessor-version":[{"id":155,"href":"https:\/\/beata-rebmann.de\/index.php\/wp-json\/wp\/v2\/pages\/9\/revisions\/155"}],"wp:attachment":[{"href":"https:\/\/beata-rebmann.de\/index.php\/wp-json\/wp\/v2\/media?parent=9"}],"curies":[{"name":"wp","href":"https:\/\/api.w.org\/{rel}","templated":true}]}}