{"id":258,"date":"2021-06-04T22:00:29","date_gmt":"2021-06-04T20:00:29","guid":{"rendered":"https:\/\/beata-rebmann.de\/?page_id=258"},"modified":"2021-06-04T23:44:18","modified_gmt":"2021-06-04T21:44:18","slug":"willkommen","status":"publish","type":"page","link":"https:\/\/beata-rebmann.de\/index.php\/willkommen\/","title":{"rendered":"Willkommen!"},"content":{"rendered":"\n<h4 class=\"wp-block-heading\">Ich bin Beata Zelezik-Rebmann, Supervisorin und Coach (DGSv) mit besonderer Kompetenz f\u00fcr interkulturelle Themen.<\/h4>\n\n\n\n<ul class=\"wp-block-list\"><li>F\u00fchlen Sie sich in Ihrer Arbeit unterfordert oder nicht wertgesch\u00e4tzt?<\/li><li>Wollen Sie die Motivation Ihrer Mitarbeiter und Mitarbeiterinnen st\u00e4rken?<\/li><li>Wollen Sie sich beruflich weiterentwickeln?<\/li><li>Leiden Sie unter Schlafst\u00f6rungen oder Stress am Arbeitsplatz?<\/li><li>Wollen Sie die Kommunikation und die interkulturelle Zusammenarbeit im Team verbessern?<\/li><li>Sie suchen nach Supervision und Beratung in beruflichen Kontexten? <\/li><\/ul>\n\n\n\n<p>Dann sind Sie hier richtig!<\/p>\n\n\n\n<p>Als Supervisorin und Coach begleite ich Sie bei Ihren Ver\u00e4nderungsprozessen.<\/p>\n\n\n\n<p>Ich helfe Ihnen den Blick zu weiten und klar zu erkennen, welche Schritte n\u00f6tig sind. Dabei kommt es darauf an, auf die innere Stimme zu h\u00f6ren und sie in die Tat umzusetzen. Dadurch leben Sie wieder im Einklang mit sich selbst und Ihrem Umfeld. Wir sprechen vertrauensvoll und direkt \u00fcber Dinge, die ich beobachte und die Sie mir anvertrauen.<\/p>\n\n\n\n<p>Leben hei\u00dft Bewegung und Wandel. Immer wieder bringt das Leben neue Herausforderungen, er\u00f6ffnet neue Perspektiven und M\u00f6glichkeiten. Sie zu ergreifen erfordert Durchblick, Mut und einen Blick von au\u00dfen. Hierbei begleite ich Sie!<\/p>\n","protected":false},"excerpt":{"rendered":"<p>Ich bin Beata Zelezik-Rebmann, Supervisorin und Coach (DGSv) mit besonderer Kompetenz f\u00fcr interkulturelle Themen. F\u00fchlen Sie sich in Ihrer Arbeit unterfordert oder nicht wertgesch\u00e4tzt? Wollen &hellip; <\/p>\n","protected":false},"author":2,"featured_media":163,"parent":0,"menu_order":0,"comment_status":"closed","ping_status":"closed","template":"","meta":{"footnotes":""},"class_list":["post-258","page","type-page","status-publish","has-post-thumbnail","hentry"],"yoast_head":"<!-- This site is optimized with the Yoast SEO plugin v27.3 - https:\/\/yoast.com\/product\/yoast-seo-wordpress\/ -->\n<title>Willkommen! - Beata Zelezik-Rebmann<\/title>\n<meta name=\"robots\" content=\"index, follow, max-snippet:-1, max-image-preview:large, max-video-preview:-1\" \/>\n<link rel=\"canonical\" href=\"https:\/\/beata-rebmann.de\/index.php\/willkommen\/\" \/>\n<meta property=\"og:locale\" content=\"de_DE\" \/>\n<meta property=\"og:type\" content=\"article\" \/>\n<meta property=\"og:title\" content=\"Willkommen! - Beata Zelezik-Rebmann\" \/>\n<meta property=\"og:description\" content=\"Ich bin Beata Zelezik-Rebmann, Supervisorin und Coach (DGSv) mit besonderer Kompetenz f\u00fcr interkulturelle Themen. F\u00fchlen Sie sich in Ihrer Arbeit unterfordert oder nicht wertgesch\u00e4tzt? Wollen &hellip;\" \/>\n<meta property=\"og:url\" content=\"https:\/\/beata-rebmann.de\/index.php\/willkommen\/\" \/>\n<meta property=\"og:site_name\" content=\"Beata Zelezik-Rebmann\" \/>\n<meta property=\"article:modified_time\" content=\"2021-06-04T21:44:18+00:00\" \/>\n<meta property=\"og:image\" content=\"https:\/\/beata-rebmann.de\/wp-content\/uploads\/2020\/10\/cropped-Homepage4.jpg\" \/>\n\t<meta property=\"og:image:width\" content=\"2000\" \/>\n\t<meta property=\"og:image:height\" content=\"1201\" \/>\n\t<meta property=\"og:image:type\" content=\"image\/jpeg\" \/>\n<meta name=\"twitter:card\" content=\"summary_large_image\" \/>\n<meta name=\"twitter:label1\" content=\"Gesch\u00e4tzte Lesezeit\" \/>\n\t<meta name=\"twitter:data1\" content=\"1\u00a0Minute\" \/>\n<script type=\"application\/ld+json\" class=\"yoast-schema-graph\">{\"@context\":\"https:\\\/\\\/schema.org\",\"@graph\":[{\"@type\":\"WebPage\",\"@id\":\"https:\\\/\\\/beata-rebmann.de\\\/index.php\\\/willkommen\\\/\",\"url\":\"https:\\\/\\\/beata-rebmann.de\\\/index.php\\\/willkommen\\\/\",\"name\":\"Willkommen! - Beata Zelezik-Rebmann\",\"isPartOf\":{\"@id\":\"https:\\\/\\\/beata-rebmann.de\\\/#website\"},\"primaryImageOfPage\":{\"@id\":\"https:\\\/\\\/beata-rebmann.de\\\/index.php\\\/willkommen\\\/#primaryimage\"},\"image\":{\"@id\":\"https:\\\/\\\/beata-rebmann.de\\\/index.php\\\/willkommen\\\/#primaryimage\"},\"thumbnailUrl\":\"https:\\\/\\\/beata-rebmann.de\\\/wp-content\\\/uploads\\\/2020\\\/10\\\/cropped-Homepage4.jpg\",\"datePublished\":\"2021-06-04T20:00:29+00:00\",\"dateModified\":\"2021-06-04T21:44:18+00:00\",\"breadcrumb\":{\"@id\":\"https:\\\/\\\/beata-rebmann.de\\\/index.php\\\/willkommen\\\/#breadcrumb\"},\"inLanguage\":\"de\",\"potentialAction\":[{\"@type\":\"ReadAction\",\"target\":[\"https:\\\/\\\/beata-rebmann.de\\\/index.php\\\/willkommen\\\/\"]}]},{\"@type\":\"ImageObject\",\"inLanguage\":\"de\",\"@id\":\"https:\\\/\\\/beata-rebmann.de\\\/index.php\\\/willkommen\\\/#primaryimage\",\"url\":\"https:\\\/\\\/beata-rebmann.de\\\/wp-content\\\/uploads\\\/2020\\\/10\\\/cropped-Homepage4.jpg\",\"contentUrl\":\"https:\\\/\\\/beata-rebmann.de\\\/wp-content\\\/uploads\\\/2020\\\/10\\\/cropped-Homepage4.jpg\",\"width\":2000,\"height\":1201,\"caption\":\"Willkommen\"},{\"@type\":\"BreadcrumbList\",\"@id\":\"https:\\\/\\\/beata-rebmann.de\\\/index.php\\\/willkommen\\\/#breadcrumb\",\"itemListElement\":[{\"@type\":\"ListItem\",\"position\":1,\"name\":\"Home\",\"item\":\"https:\\\/\\\/beata-rebmann.de\\\/\"},{\"@type\":\"ListItem\",\"position\":2,\"name\":\"Willkommen!\"}]},{\"@type\":\"WebSite\",\"@id\":\"https:\\\/\\\/beata-rebmann.de\\\/#website\",\"url\":\"https:\\\/\\\/beata-rebmann.de\\\/\",\"name\":\"Beata Zelezik-Rebmann\",\"description\":\"\",\"potentialAction\":[{\"@type\":\"SearchAction\",\"target\":{\"@type\":\"EntryPoint\",\"urlTemplate\":\"https:\\\/\\\/beata-rebmann.de\\\/?s={search_term_string}\"},\"query-input\":{\"@type\":\"PropertyValueSpecification\",\"valueRequired\":true,\"valueName\":\"search_term_string\"}}],\"inLanguage\":\"de\"}]}<\/script>\n<!-- \/ Yoast SEO plugin. -->","yoast_head_json":{"title":"Willkommen! - Beata Zelezik-Rebmann","robots":{"index":"index","follow":"follow","max-snippet":"max-snippet:-1","max-image-preview":"max-image-preview:large","max-video-preview":"max-video-preview:-1"},"canonical":"https:\/\/beata-rebmann.de\/index.php\/willkommen\/","og_locale":"de_DE","og_type":"article","og_title":"Willkommen! - Beata Zelezik-Rebmann","og_description":"Ich bin Beata Zelezik-Rebmann, Supervisorin und Coach (DGSv) mit besonderer Kompetenz f\u00fcr interkulturelle Themen. F\u00fchlen Sie sich in Ihrer Arbeit unterfordert oder nicht wertgesch\u00e4tzt? Wollen &hellip;","og_url":"https:\/\/beata-rebmann.de\/index.php\/willkommen\/","og_site_name":"Beata Zelezik-Rebmann","article_modified_time":"2021-06-04T21:44:18+00:00","og_image":[{"width":2000,"height":1201,"url":"https:\/\/beata-rebmann.de\/wp-content\/uploads\/2020\/10\/cropped-Homepage4.jpg","type":"image\/jpeg"}],"twitter_card":"summary_large_image","twitter_misc":{"Gesch\u00e4tzte Lesezeit":"1\u00a0Minute"},"schema":{"@context":"https:\/\/schema.org","@graph":[{"@type":"WebPage","@id":"https:\/\/beata-rebmann.de\/index.php\/willkommen\/","url":"https:\/\/beata-rebmann.de\/index.php\/willkommen\/","name":"Willkommen! - Beata Zelezik-Rebmann","isPartOf":{"@id":"https:\/\/beata-rebmann.de\/#website"},"primaryImageOfPage":{"@id":"https:\/\/beata-rebmann.de\/index.php\/willkommen\/#primaryimage"},"image":{"@id":"https:\/\/beata-rebmann.de\/index.php\/willkommen\/#primaryimage"},"thumbnailUrl":"https:\/\/beata-rebmann.de\/wp-content\/uploads\/2020\/10\/cropped-Homepage4.jpg","datePublished":"2021-06-04T20:00:29+00:00","dateModified":"2021-06-04T21:44:18+00:00","breadcrumb":{"@id":"https:\/\/beata-rebmann.de\/index.php\/willkommen\/#breadcrumb"},"inLanguage":"de","potentialAction":[{"@type":"ReadAction","target":["https:\/\/beata-rebmann.de\/index.php\/willkommen\/"]}]},{"@type":"ImageObject","inLanguage":"de","@id":"https:\/\/beata-rebmann.de\/index.php\/willkommen\/#primaryimage","url":"https:\/\/beata-rebmann.de\/wp-content\/uploads\/2020\/10\/cropped-Homepage4.jpg","contentUrl":"https:\/\/beata-rebmann.de\/wp-content\/uploads\/2020\/10\/cropped-Homepage4.jpg","width":2000,"height":1201,"caption":"Willkommen"},{"@type":"BreadcrumbList","@id":"https:\/\/beata-rebmann.de\/index.php\/willkommen\/#breadcrumb","itemListElement":[{"@type":"ListItem","position":1,"name":"Home","item":"https:\/\/beata-rebmann.de\/"},{"@type":"ListItem","position":2,"name":"Willkommen!"}]},{"@type":"WebSite","@id":"https:\/\/beata-rebmann.de\/#website","url":"https:\/\/beata-rebmann.de\/","name":"Beata Zelezik-Rebmann","description":"","potentialAction":[{"@type":"SearchAction","target":{"@type":"EntryPoint","urlTemplate":"https:\/\/beata-rebmann.de\/?s={search_term_string}"},"query-input":{"@type":"PropertyValueSpecification","valueRequired":true,"valueName":"search_term_string"}}],"inLanguage":"de"}]}},"_links":{"self":[{"href":"https:\/\/beata-rebmann.de\/index.php\/wp-json\/wp\/v2\/pages\/258","targetHints":{"allow":["GET"]}}],"collection":[{"href":"https:\/\/beata-rebmann.de\/index.php\/wp-json\/wp\/v2\/pages"}],"about":[{"href":"https:\/\/beata-rebmann.de\/index.php\/wp-json\/wp\/v2\/types\/page"}],"author":[{"embeddable":true,"href":"https:\/\/beata-rebmann.de\/index.php\/wp-json\/wp\/v2\/users\/2"}],"replies":[{"embeddable":true,"href":"https:\/\/beata-rebmann.de\/index.php\/wp-json\/wp\/v2\/comments?post=258"}],"version-history":[{"count":3,"href":"https:\/\/beata-rebmann.de\/index.php\/wp-json\/wp\/v2\/pages\/258\/revisions"}],"predecessor-version":[{"id":261,"href":"https:\/\/beata-rebmann.de\/index.php\/wp-json\/wp\/v2\/pages\/258\/revisions\/261"}],"wp:featuredmedia":[{"embeddable":true,"href":"https:\/\/beata-rebmann.de\/index.php\/wp-json\/wp\/v2\/media\/163"}],"wp:attachment":[{"href":"https:\/\/beata-rebmann.de\/index.php\/wp-json\/wp\/v2\/media?parent=258"}],"curies":[{"name":"wp","href":"https:\/\/api.w.org\/{rel}","templated":true}]}}